{"id":606,"date":"2023-05-24T19:33:50","date_gmt":"2023-05-24T19:33:50","guid":{"rendered":"https:\/\/evolucioncolacademia.com\/?page_id=606"},"modified":"2024-09-07T03:54:11","modified_gmt":"2024-09-07T03:54:11","slug":"curso-de-apps-whatsapp","status":"publish","type":"page","link":"https:\/\/evolucioncolacademia.com\/index.php\/curso-de-apps-whatsapp\/","title":{"rendered":"Curso de aplicaciones &#8211; Primer M\u00f3dulo &#8211; WhatsApp"},"content":{"rendered":"<div class=\"swpm-post-not-logged-in-msg\">Debes acceder para ver \u00e9ste contenido. Por favor <a class=\"swpm-login-link\" href=\"https:\/\/evolucioncolacademia.com\/index.php\/membership-login\/\">Acceder<\/a>. \u00bfA\u00fan no eres miembro? <a href=\"https:\/\/evolucioncolacademia.com\/index.php\/membership-join\/\">\u00danete a nosotros<\/a><\/div>","protected":false},"excerpt":{"rendered":"<p>PROGRAMA B\u00c1SICO DE FORMACI\u00d3N EN APPST\u00cdTULO 1M\u00f3dulo de WhatsappUnidad 1Temas: Identificaci\u00f3n de pantalla y manejo de la aplicaci\u00f3n\u00a0 En esta unidad haremos un recorrido general por la aplicacion y sus diferentes opciones, entendiendo cada una, encontrando su potencial y uso en beneficio de nuestro bienestar, familiarizandonos con los diferentes aspectos de dise\u00f1o de la aplicaci\u00f3n [&hellip;]<\/p>\n","protected":false},"author":1,"featured_media":0,"parent":0,"menu_order":0,"comment_status":"closed","ping_status":"closed","template":"","meta":{"_et_pb_use_builder":"on","_et_pb_old_content":"","_et_gb_content_width":"","_monsterinsights_skip_tracking":false,"_monsterinsights_sitenote_active":false,"_monsterinsights_sitenote_note":"","_monsterinsights_sitenote_category":0,"footnotes":""},"class_list":["post-606","page","type-page","status-publish","hentry"],"aioseo_notices":[],"_links":{"self":[{"href":"https:\/\/evolucioncolacademia.com\/index.php\/wp-json\/wp\/v2\/pages\/606","targetHints":{"allow":["GET"]}}],"collection":[{"href":"https:\/\/evolucioncolacademia.com\/index.php\/wp-json\/wp\/v2\/pages"}],"about":[{"href":"https:\/\/evolucioncolacademia.com\/index.php\/wp-json\/wp\/v2\/types\/page"}],"author":[{"embeddable":true,"href":"https:\/\/evolucioncolacademia.com\/index.php\/wp-json\/wp\/v2\/users\/1"}],"replies":[{"embeddable":true,"href":"https:\/\/evolucioncolacademia.com\/index.php\/wp-json\/wp\/v2\/comments?post=606"}],"version-history":[{"count":28,"href":"https:\/\/evolucioncolacademia.com\/index.php\/wp-json\/wp\/v2\/pages\/606\/revisions"}],"predecessor-version":[{"id":1246,"href":"https:\/\/evolucioncolacademia.com\/index.php\/wp-json\/wp\/v2\/pages\/606\/revisions\/1246"}],"wp:attachment":[{"href":"https:\/\/evolucioncolacademia.com\/index.php\/wp-json\/wp\/v2\/media?parent=606"}],"curies":[{"name":"wp","href":"https:\/\/api.w.org\/{rel}","templated":true}]}}