{"id":537,"date":"2022-02-05T01:44:28","date_gmt":"2022-02-05T01:44:28","guid":{"rendered":"https:\/\/evolucioncolacademia.com\/index.php\/pagina-de-pagos\/"},"modified":"2024-12-07T04:19:25","modified_gmt":"2024-12-07T04:19:25","slug":"pagina-de-pagos","status":"publish","type":"page","link":"https:\/\/evolucioncolacademia.com\/index.php\/pagina-de-pagos\/","title":{"rendered":"Pagina de pagos"},"content":{"rendered":"<p>[et_pb_section fb_built=\u00bb1&#8243; _builder_version=\u00bb4.16&#8243; _module_preset=\u00bbdefault\u00bb custom_padding=\u00bb21px|||||\u00bb global_colors_info=\u00bb{}\u00bb][et_pb_row column_structure=\u00bb1_2,1_2&#8243; _builder_version=\u00bb4.18.0&#8243; _module_preset=\u00bbdefault\u00bb global_colors_info=\u00bb{}\u00bb][et_pb_column type=\u00bb1_2&#8243; _builder_version=\u00bb4.18.0&#8243; _module_preset=\u00bbdefault\u00bb global_colors_info=\u00bb{}\u00bb][et_pb_accordion _builder_version=\u00bb4.18.0&#8243; _module_preset=\u00bbdefault\u00bb global_colors_info=\u00bb{}\u00bb][et_pb_accordion_item title=\u00bbPAGO Y REGISTRO\u00bb open=\u00bboff\u00bb _builder_version=\u00bb4.18.0&#8243; _module_preset=\u00bbdefault\u00bb link_option_url=\u00bbhttps:\/\/evolucioncolacademia.com\/index.php\/registro-usuario\/\u00bb global_colors_info=\u00bb{}\u00bb][\/et_pb_accordion_item][et_pb_accordion_item title=\u00bbEVOLUCIONCOL S.A.S. \u00bb _builder_version=\u00bb4.16&#8243; _module_preset=\u00bbdefault\u00bb global_colors_info=\u00bb{}\u00bb open=\u00bbon\u00bb]<\/p>\n<p>Para facilitar el pago y registro de su curso de preferencia, nuestra organizaci\u00f3n dispone de dos canales de servicio de recaudo, el registro al curso se har\u00e1 previa confirmaci\u00f3n del pago del modulo, L\u00ednea de cuenta <strong>316 413 2849 <\/strong>o a traves de PSE\u00a0\u00a0<\/p>\n<p>[\/et_pb_accordion_item][\/et_pb_accordion][et_pb_button button_url=\u00bbhttps:\/\/evolucioncolacademia.com\/index.php\/registro-usuario\/\u00bb button_text=\u00bbRegistro \u00bb _builder_version=\u00bb4.18.0&#8243; _module_preset=\u00bbdefault\u00bb custom_button=\u00bbon\u00bb button_text_color=\u00bb#002FED\u00bb button_bg_color=\u00bb#4DC3FF\u00bb button_border_color=\u00bb#7CDA24&#8243; button_border_radius=\u00bb27px\u00bb button_icon=\u00bb&#x41;||divi||400&#8243; global_colors_info=\u00bb{}\u00bb][\/et_pb_button][\/et_pb_column][et_pb_column type=\u00bb1_2&#8243; _builder_version=\u00bb4.16&#8243; _module_preset=\u00bbdefault\u00bb global_colors_info=\u00bb{}\u00bb][et_pb_image src=\u00bbhttps:\/\/evolucioncolacademia.com\/wp-content\/uploads\/2022\/05\/LOGO-PAGOS.png\u00bb title_text=\u00bbLOGO PAGOS\u00bb _builder_version=\u00bb4.16&#8243; _module_preset=\u00bbdefault\u00bb global_colors_info=\u00bb{}\u00bb][\/et_pb_image][\/et_pb_column][\/et_pb_row][\/et_pb_section]<\/p>\n","protected":false},"excerpt":{"rendered":"<p>Para facilitar el pago y registro de su curso de preferencia, nuestra organizaci\u00f3n dispone de dos canales de servicio de recaudo, el registro al curso se har\u00e1 previa confirmaci\u00f3n del pago del modulo, L\u00ednea de cuenta 316 413 2849 o a traves de PSE\u00a0\u00a0<\/p>\n","protected":false},"author":1,"featured_media":0,"parent":0,"menu_order":0,"comment_status":"closed","ping_status":"closed","template":"","meta":{"_et_pb_use_builder":"on","_et_pb_old_content":"","_et_gb_content_width":"","_monsterinsights_skip_tracking":false,"_monsterinsights_sitenote_active":false,"_monsterinsights_sitenote_note":"","_monsterinsights_sitenote_category":0,"footnotes":""},"class_list":["post-537","page","type-page","status-publish","hentry"],"aioseo_notices":[],"_links":{"self":[{"href":"https:\/\/evolucioncolacademia.com\/index.php\/wp-json\/wp\/v2\/pages\/537","targetHints":{"allow":["GET"]}}],"collection":[{"href":"https:\/\/evolucioncolacademia.com\/index.php\/wp-json\/wp\/v2\/pages"}],"about":[{"href":"https:\/\/evolucioncolacademia.com\/index.php\/wp-json\/wp\/v2\/types\/page"}],"author":[{"embeddable":true,"href":"https:\/\/evolucioncolacademia.com\/index.php\/wp-json\/wp\/v2\/users\/1"}],"replies":[{"embeddable":true,"href":"https:\/\/evolucioncolacademia.com\/index.php\/wp-json\/wp\/v2\/comments?post=537"}],"version-history":[{"count":7,"href":"https:\/\/evolucioncolacademia.com\/index.php\/wp-json\/wp\/v2\/pages\/537\/revisions"}],"predecessor-version":[{"id":1271,"href":"https:\/\/evolucioncolacademia.com\/index.php\/wp-json\/wp\/v2\/pages\/537\/revisions\/1271"}],"wp:attachment":[{"href":"https:\/\/evolucioncolacademia.com\/index.php\/wp-json\/wp\/v2\/media?parent=537"}],"curies":[{"name":"wp","href":"https:\/\/api.w.org\/{rel}","templated":true}]}}