{"id":235,"date":"2022-01-12T16:21:43","date_gmt":"2022-01-12T16:21:43","guid":{"rendered":"https:\/\/evolucioncolacademia.com\/index.php\/membership-join\/membership-registration\/"},"modified":"2023-06-07T16:47:56","modified_gmt":"2023-06-07T16:47:56","slug":"membership-registration","status":"publish","type":"page","link":"https:\/\/evolucioncolacademia.com\/index.php\/membership-join\/membership-registration\/","title":{"rendered":"Registro Colaborador"},"content":{"rendered":"<p>[et_pb_section fb_built=\u00bb1&#8243; admin_label=\u00bbsection\u00bb _builder_version=\u00bb4.16&#8243; global_colors_info=\u00bb{}\u00bb custom_padding=\u00bb51px|||||\u00bb][et_pb_row admin_label=\u00bbrow\u00bb _builder_version=\u00bb4.18.0&#8243; background_size=\u00bbinitial\u00bb background_position=\u00bbtop_left\u00bb background_repeat=\u00bbrepeat\u00bb hover_enabled=\u00bb0&#8243; global_colors_info=\u00bb{}\u00bb sticky_enabled=\u00bb0&#8243;][et_pb_column type=\u00bb4_4&#8243; _builder_version=\u00bb4.18.0&#8243; custom_padding=\u00bb|||\u00bb hover_enabled=\u00bb0&#8243; global_colors_info=\u00bb{}\u00bb custom_padding__hover=\u00bb|||\u00bb sticky_enabled=\u00bb0&#8243;][et_pb_text admin_label=\u00bbText\u00bb _builder_version=\u00bb4.18.0&#8243; background_size=\u00bbinitial\u00bb background_position=\u00bbtop_left\u00bb background_repeat=\u00bbrepeat\u00bb hover_enabled=\u00bb0&#8243; global_colors_info=\u00bb{}\u00bb sticky_enabled=\u00bb0&#8243; text_text_color=\u00bb#FFFFFF\u00bb]<\/p>\n<p>La membres\u00eda gratuita est\u00e1 desactivada en este sitio. Por favor, haz un pago desde el <a href=\"https:\/\/evolucioncolacademia.com\/index.php\/membership-join\/\">\u00danete a nosotros<\/a>p\u00e1gina para pagar una membres\u00eda de pago.<\/p><p>Recibir\u00e1s un enlace \u00fanico a trav\u00e9s del correo electr\u00f3nico despu\u00e9s del pago. Podr\u00e1s utilizar ese enlace para completar el registro de membres\u00eda de pago.<\/p>\n<p>[\/et_pb_text][\/et_pb_column][\/et_pb_row][\/et_pb_section]<\/p>\n","protected":false},"excerpt":{"rendered":"<p>La membres\u00eda gratuita est\u00e1 desactivada en este sitio. Por favor, haz un pago desde el <a href=\"https:\/\/evolucioncolacademia.com\/index.php\/membership-join\/\">\u00danete a nosotros<\/a>p\u00e1gina para pagar una membres\u00eda de pago.<\/p><p>Recibir\u00e1s un enlace \u00fanico a trav\u00e9s del correo electr\u00f3nico despu\u00e9s del pago. Podr\u00e1s utilizar ese enlace para completar el registro de membres\u00eda de pago.<\/p>\n","protected":false},"author":1,"featured_media":0,"parent":234,"menu_order":0,"comment_status":"closed","ping_status":"closed","template":"","meta":{"_et_pb_use_builder":"on","_et_pb_old_content":"[swpm_registration_form]","_et_gb_content_width":"","_monsterinsights_skip_tracking":false,"_monsterinsights_sitenote_active":false,"_monsterinsights_sitenote_note":"","_monsterinsights_sitenote_category":0,"footnotes":""},"class_list":["post-235","page","type-page","status-publish","hentry"],"aioseo_notices":[],"_links":{"self":[{"href":"https:\/\/evolucioncolacademia.com\/index.php\/wp-json\/wp\/v2\/pages\/235","targetHints":{"allow":["GET"]}}],"collection":[{"href":"https:\/\/evolucioncolacademia.com\/index.php\/wp-json\/wp\/v2\/pages"}],"about":[{"href":"https:\/\/evolucioncolacademia.com\/index.php\/wp-json\/wp\/v2\/types\/page"}],"author":[{"embeddable":true,"href":"https:\/\/evolucioncolacademia.com\/index.php\/wp-json\/wp\/v2\/users\/1"}],"replies":[{"embeddable":true,"href":"https:\/\/evolucioncolacademia.com\/index.php\/wp-json\/wp\/v2\/comments?post=235"}],"version-history":[{"count":6,"href":"https:\/\/evolucioncolacademia.com\/index.php\/wp-json\/wp\/v2\/pages\/235\/revisions"}],"predecessor-version":[{"id":994,"href":"https:\/\/evolucioncolacademia.com\/index.php\/wp-json\/wp\/v2\/pages\/235\/revisions\/994"}],"up":[{"embeddable":true,"href":"https:\/\/evolucioncolacademia.com\/index.php\/wp-json\/wp\/v2\/pages\/234"}],"wp:attachment":[{"href":"https:\/\/evolucioncolacademia.com\/index.php\/wp-json\/wp\/v2\/media?parent=235"}],"curies":[{"name":"wp","href":"https:\/\/api.w.org\/{rel}","templated":true}]}}