{"id":234,"date":"2022-01-12T16:21:43","date_gmt":"2022-01-12T16:21:43","guid":{"rendered":"https:\/\/evolucioncolacademia.com\/index.php\/membership-join\/"},"modified":"2023-06-07T16:51:34","modified_gmt":"2023-06-07T16:51:34","slug":"membership-join","status":"publish","type":"page","link":"https:\/\/evolucioncolacademia.com\/index.php\/membership-join\/","title":{"rendered":"Trabaja con nosotros"},"content":{"rendered":"<p>[et_pb_section fb_built=\u00bb1&#8243; admin_label=\u00bbsecci\u00f3n\u00bb _builder_version=\u00bb4.16&#8243; global_colors_info=\u00bb{}\u00bb][et_pb_row admin_label=\u00bbrow\u00bb _builder_version=\u00bb4.16&#8243; background_size=\u00bbinitial\u00bb background_position=\u00bbtop_left\u00bb background_repeat=\u00bbrepeat\u00bb global_colors_info=\u00bb{}\u00bb][et_pb_column type=\u00bb4_4&#8243; _builder_version=\u00bb4.16&#8243; custom_padding=\u00bb|||\u00bb global_colors_info=\u00bb{}\u00bb custom_padding__hover=\u00bb|||\u00bb][et_pb_text admin_label=\u00bbText\u00bb _builder_version=\u00bb4.18.0&#8243; background_size=\u00bbinitial\u00bb background_position=\u00bbtop_left\u00bb background_repeat=\u00bbrepeat\u00bb global_colors_info=\u00bb{}\u00bb]<\/p>\n<p style=\"color: red; font-weight: bold;\"><span style=\"color: #000000;\">Bienvenido a nuestra comunidad, somos un grupo de Docentes y Especialistas en diferentes \u00e1reas de conocimiento, acumulando una gran experiencia en procesos pedag\u00f3gicos e instrucci\u00f3n del conocimiento<\/span><\/p>\n<p><span style=\"font-size: 14px;\">Puedes tener acceso como miembro<\/span><\/p>\n<p><span style=\"font-size: 14px;\">Completa el formulario de inscripci\u00f3n y \u00fanete a nuestra gran familia<\/span><\/p>\n<p>&nbsp;<\/p>\n<p>[ ==&gt;<div class=\"forminator-ui forminator-custom-form forminator-custom-form-863 forminator-design--default  forminator_ajax\" data-forminator-render=\"0\" data-form=\"forminator-module-863\" data-uid=\"69e33cadea858\"><br\/><\/div><form\n\t\t\t\tid=\"forminator-module-863\"\n\t\t\t\tclass=\"forminator-ui forminator-custom-form forminator-custom-form-863 forminator-design--default  forminator_ajax\"\n\t\t\t\tmethod=\"post\"\n\t\t\t\tdata-forminator-render=\"0\"\n\t\t\t\tdata-form-id=\"863\"\n\t\t\t\t data-color-option=\"default\" data-design=\"default\" data-grid=\"open\" style=\"display: none;\"\n\t\t\t\tdata-uid=\"69e33cadea858\"\n\t\t\t><div role=\"alert\" aria-live=\"polite\" class=\"forminator-response-message forminator-error\" aria-hidden=\"true\"><\/div><div class=\"forminator-row\"><div id=\"text-1\" class=\"forminator-field-text forminator-col forminator-col-12 \"><div class=\"forminator-field\"><label for=\"forminator-field-text-1_69e33cadea858\" id=\"forminator-field-text-1_69e33cadea858-label\" class=\"forminator-label\">Nombre <span class=\"forminator-required\">*<\/span><\/label><input type=\"text\" name=\"text-1\" value=\"ingrese nombre - enter name\" placeholder=\"Enter name\" id=\"forminator-field-text-1_69e33cadea858\" class=\"forminator-input forminator-name--field\" data-required=\"true\" \/><\/div><\/div><\/div><div class=\"forminator-row\"><div id=\"email-1\" class=\"forminator-field-email forminator-col forminator-col-6 \"><div class=\"forminator-field\"><label for=\"forminator-field-email-1_69e33cadea858\" id=\"forminator-field-email-1_69e33cadea858-label\" class=\"forminator-label\">Correo electr\u00f3nico <span class=\"forminator-required\">*<\/span><\/label><input type=\"email\" name=\"email-1\" value=\"\" placeholder=\"Ej . : juanrincon@academia.com\" id=\"forminator-field-email-1_69e33cadea858\" class=\"forminator-input forminator-email--field\" data-required=\"true\" aria-required=\"true\" autocomplete=\"email\" \/><\/div><\/div><div id=\"phone-1\" class=\"forminator-field-phone forminator-col forminator-col-6 \"><div class=\"forminator-field\"><label for=\"forminator-field-phone-1_69e33cadea858\" id=\"forminator-field-phone-1_69e33cadea858-label\" class=\"forminator-label\">Tel\u00e9fono<\/label><input type=\"text\" name=\"phone-1\" value=\"\" placeholder=\"Ejemplo: +1 300 400 5000\" id=\"forminator-field-phone-1_69e33cadea858\" class=\"forminator-input forminator-field--phone\" data-required=\"\" aria-required=\"false\" autocomplete=\"off\" \/><\/div><\/div><\/div><div class=\"forminator-row\"><div id=\"textarea-1\" class=\"forminator-field-textarea forminator-col forminator-col-12 \"><div class=\"forminator-field\"><label for=\"forminator-field-textarea-1_69e33cadea858\" id=\"forminator-field-textarea-1_69e33cadea858-label\" class=\"forminator-label\">Acerca de ti<\/label><textarea name=\"textarea-1\" placeholder=\"Ejemplo: texto de marcador de posici\u00f3n Puedes a\u00f1adir una nueva l\u00ednea\" id=\"forminator-field-textarea-1_69e33cadea858\" class=\"forminator-textarea\" rows=\"6\" style=\"min-height:140px;\" ><\/textarea><\/div><\/div><\/div><div class=\"forminator-row\"><\/div><input type=\"hidden\" name=\"referer_url\" value=\"\" \/><div class=\"forminator-row forminator-row-last\"><div class=\"forminator-col\"><div class=\"forminator-field\"><button class=\"forminator-button forminator-button-submit\">Registro<\/button><\/div><\/div><\/div><input type=\"hidden\" id=\"forminator_nonce\" name=\"forminator_nonce\" value=\"5fb1ef8f32\" \/><input type=\"hidden\" name=\"_wp_http_referer\" value=\"\/index.php\/wp-json\/wp\/v2\/pages\/234\" \/><input type=\"hidden\" name=\"form_id\" value=\"863\"><input type=\"hidden\" name=\"page_id\" value=\"234\"><input type=\"hidden\" name=\"form_type\" value=\"registration\"><input type=\"hidden\" name=\"current_url\" value=\"https:\/\/evolucioncolacademia.com\/index.php\/membership-join\/\"><input type=\"hidden\" name=\"render_id\" value=\"0\"><input type=\"hidden\" name=\"action\" value=\"forminator_submit_form_custom-forms\"><\/form> &lt;== ]<\/p>\n<p>[\/et_pb_text][\/et_pb_column][\/et_pb_row][\/et_pb_section]<\/p>\n","protected":false},"excerpt":{"rendered":"<p>Bienvenido a nuestra comunidad, somos un grupo de Docentes y Especialistas en diferentes \u00e1reas de conocimiento, acumulando una gran experiencia en procesos pedag\u00f3gicos e instrucci\u00f3n del conocimiento Puedes tener acceso como miembro Completa el formulario de inscripci\u00f3n y \u00fanete a nuestra gran familia &nbsp; [ ==&gt;<div class=\"forminator-ui forminator-custom-form forminator-custom-form-863 forminator-design--default  forminator_ajax\" data-forminator-render=\"1\" data-form=\"forminator-module-863\" data-uid=\"69e33cadf29d3\"><br\/><\/div><form\n\t\t\t\tid=\"forminator-module-863\"\n\t\t\t\tclass=\"forminator-ui forminator-custom-form forminator-custom-form-863 forminator-design--default  forminator_ajax\"\n\t\t\t\tmethod=\"post\"\n\t\t\t\tdata-forminator-render=\"1\"\n\t\t\t\tdata-form-id=\"863\"\n\t\t\t\t data-color-option=\"default\" data-design=\"default\" data-grid=\"open\" style=\"display: none;\"\n\t\t\t\tdata-uid=\"69e33cadf29d3\"\n\t\t\t><div role=\"alert\" aria-live=\"polite\" class=\"forminator-response-message forminator-error\" aria-hidden=\"true\"><\/div><div class=\"forminator-row\"><div id=\"text-1\" class=\"forminator-field-text forminator-col forminator-col-12 \"><div class=\"forminator-field\"><label for=\"forminator-field-text-1_69e33cadf29d3\" id=\"forminator-field-text-1_69e33cadf29d3-label\" class=\"forminator-label\">Nombre <span class=\"forminator-required\">*<\/span><\/label><input type=\"text\" name=\"text-1\" value=\"ingrese nombre - enter name\" placeholder=\"Enter name\" id=\"forminator-field-text-1_69e33cadf29d3\" class=\"forminator-input forminator-name--field\" data-required=\"true\" \/><\/div><\/div><\/div><div class=\"forminator-row\"><div id=\"email-1\" class=\"forminator-field-email forminator-col forminator-col-6 \"><div class=\"forminator-field\"><label for=\"forminator-field-email-1_69e33cadf29d3\" id=\"forminator-field-email-1_69e33cadf29d3-label\" class=\"forminator-label\">Correo electr\u00f3nico <span class=\"forminator-required\">*<\/span><\/label><input type=\"email\" name=\"email-1\" value=\"\" placeholder=\"Ej . : juanrincon@academia.com\" id=\"forminator-field-email-1_69e33cadf29d3\" class=\"forminator-input forminator-email--field\" data-required=\"true\" aria-required=\"true\" autocomplete=\"email\" \/><\/div><\/div><div id=\"phone-1\" class=\"forminator-field-phone forminator-col forminator-col-6 \"><div class=\"forminator-field\"><label for=\"forminator-field-phone-1_69e33cadf29d3\" id=\"forminator-field-phone-1_69e33cadf29d3-label\" class=\"forminator-label\">Tel\u00e9fono<\/label><input type=\"text\" name=\"phone-1\" value=\"\" placeholder=\"Ejemplo: +1 300 400 5000\" id=\"forminator-field-phone-1_69e33cadf29d3\" class=\"forminator-input forminator-field--phone\" data-required=\"\" aria-required=\"false\" autocomplete=\"off\" \/><\/div><\/div><\/div><div class=\"forminator-row\"><div id=\"textarea-1\" class=\"forminator-field-textarea forminator-col forminator-col-12 \"><div class=\"forminator-field\"><label for=\"forminator-field-textarea-1_69e33cadf29d3\" id=\"forminator-field-textarea-1_69e33cadf29d3-label\" class=\"forminator-label\">Acerca de ti<\/label><textarea name=\"textarea-1\" placeholder=\"Ejemplo: texto de marcador de posici\u00f3n Puedes a\u00f1adir una nueva l\u00ednea\" id=\"forminator-field-textarea-1_69e33cadf29d3\" class=\"forminator-textarea\" rows=\"6\" style=\"min-height:140px;\" ><\/textarea><\/div><\/div><\/div><div class=\"forminator-row\"><\/div><input type=\"hidden\" name=\"referer_url\" value=\"\" \/><div class=\"forminator-row forminator-row-last\"><div class=\"forminator-col\"><div class=\"forminator-field\"><button class=\"forminator-button forminator-button-submit\">Registro<\/button><\/div><\/div><\/div><input type=\"hidden\" id=\"forminator_nonce\" name=\"forminator_nonce\" value=\"5fb1ef8f32\" \/><input type=\"hidden\" name=\"_wp_http_referer\" value=\"\/index.php\/wp-json\/wp\/v2\/pages\/234\" \/><input type=\"hidden\" name=\"form_id\" value=\"863\"><input type=\"hidden\" name=\"page_id\" value=\"234\"><input type=\"hidden\" name=\"form_type\" value=\"registration\"><input type=\"hidden\" name=\"current_url\" value=\"https:\/\/evolucioncolacademia.com\/index.php\/membership-join\/\"><input type=\"hidden\" name=\"render_id\" value=\"1\"><input type=\"hidden\" name=\"action\" value=\"forminator_submit_form_custom-forms\"><\/form> &lt;== ]<\/p>\n","protected":false},"author":1,"featured_media":0,"parent":0,"menu_order":0,"comment_status":"closed","ping_status":"closed","template":"","meta":{"_et_pb_use_builder":"on","_et_pb_old_content":"<p style=\"color: red; font-weight: bold;\">Esta pagina y su contenido ha sido generado automaticamente para obtener una idea basica de como piuede usted colaborar con nosotros ...page should look like. You can customize this page however you like it by editing this page from your WordPress page editor.<\/p>\n<p style=\"font-weight: bold;\">If you end upha sidpchanging the URL of this page then make sure to update the URL value in the settings menu of the plugin.<\/p>\n<p style=\"border-top: 1px solid #ccc; padding-top: 10px; margin-top: 10px;\"><\/p>\n<strong>Miembro <\/strong>\n\nUsted puede tener acceso ilimitado como miembro activo\n\n<em><strong>Precio: Libre<\/strong><\/em>\n\nLink the following image to go to the Registration Page if you want your visitors to be able to create a free membership account\n\n<img title=\"Join Now\" src=\"https:\/\/evolucioncolacademia.com\/wp-content\/plugins\/simple-membership\/images\/join-now-button-image.gif\" alt=\"Join Now Button\" width=\"277\" height=\"82\" \/>\n<p style=\"border-bottom: 1px solid #ccc; padding-bottom: 10px; margin-bottom: 10px;\"><\/p>\n<strong>You can register for a Free Membership or pay for one of the following membership options<\/strong>\n<p style=\"border-top: 1px solid #ccc; padding-top: 10px; margin-top: 10px;\"><\/p>\n[ ==&gt; Insert Payment Button For Your Paid Membership Levels Here &lt;== ]\n<p style=\"border-bottom: 1px solid #ccc; padding-bottom: 10px; margin-bottom: 10px;\"><\/p>","_et_gb_content_width":"","_monsterinsights_skip_tracking":false,"_monsterinsights_sitenote_active":false,"_monsterinsights_sitenote_note":"","_monsterinsights_sitenote_category":0,"footnotes":""},"class_list":["post-234","page","type-page","status-publish","hentry"],"aioseo_notices":[],"_links":{"self":[{"href":"https:\/\/evolucioncolacademia.com\/index.php\/wp-json\/wp\/v2\/pages\/234","targetHints":{"allow":["GET"]}}],"collection":[{"href":"https:\/\/evolucioncolacademia.com\/index.php\/wp-json\/wp\/v2\/pages"}],"about":[{"href":"https:\/\/evolucioncolacademia.com\/index.php\/wp-json\/wp\/v2\/types\/page"}],"author":[{"embeddable":true,"href":"https:\/\/evolucioncolacademia.com\/index.php\/wp-json\/wp\/v2\/users\/1"}],"replies":[{"embeddable":true,"href":"https:\/\/evolucioncolacademia.com\/index.php\/wp-json\/wp\/v2\/comments?post=234"}],"version-history":[{"count":7,"href":"https:\/\/evolucioncolacademia.com\/index.php\/wp-json\/wp\/v2\/pages\/234\/revisions"}],"predecessor-version":[{"id":996,"href":"https:\/\/evolucioncolacademia.com\/index.php\/wp-json\/wp\/v2\/pages\/234\/revisions\/996"}],"wp:attachment":[{"href":"https:\/\/evolucioncolacademia.com\/index.php\/wp-json\/wp\/v2\/media?parent=234"}],"curies":[{"name":"wp","href":"https:\/\/api.w.org\/{rel}","templated":true}]}}